{"id":33,"date":"2021-02-19T17:07:15","date_gmt":"2021-02-19T17:07:15","guid":{"rendered":"https:\/\/ferienwohnung-berguen.ch\/?page_id=33"},"modified":"2025-12-11T15:53:03","modified_gmt":"2025-12-11T15:53:03","slug":"ferienwohnung","status":"publish","type":"page","link":"https:\/\/ferienwohnung-berguen.ch\/index.php\/ferienwohnung\/","title":{"rendered":"Ferienwohnung \u00abIl Tschierv\u00bb"},"content":{"rendered":"\n<figure class=\"wp-block-image alignright size-large is-resized\"><img loading=\"lazy\" decoding=\"async\" width=\"800\" height=\"800\" src=\"https:\/\/ferienwohnung-berguen.ch\/wp-content\/uploads\/2021\/02\/foliage.jpg\" alt=\"\" class=\"wp-image-63\" style=\"width:416px;height:auto\" srcset=\"https:\/\/ferienwohnung-berguen.ch\/wp-content\/uploads\/2021\/02\/foliage.jpg 800w, https:\/\/ferienwohnung-berguen.ch\/wp-content\/uploads\/2021\/02\/foliage-300x300.jpg 300w, https:\/\/ferienwohnung-berguen.ch\/wp-content\/uploads\/2021\/02\/foliage-150x150.jpg 150w, https:\/\/ferienwohnung-berguen.ch\/wp-content\/uploads\/2021\/02\/foliage-768x768.jpg 768w, https:\/\/ferienwohnung-berguen.ch\/wp-content\/uploads\/2021\/02\/foliage-230x230.jpg 230w, https:\/\/ferienwohnung-berguen.ch\/wp-content\/uploads\/2021\/02\/foliage-350x350.jpg 350w, https:\/\/ferienwohnung-berguen.ch\/wp-content\/uploads\/2021\/02\/foliage-480x480.jpg 480w\" sizes=\"auto, (max-width: 800px) 100vw, 800px\" \/><\/figure>\n\n\n\n<p>Im sch\u00f6nen Berg\u00fcn auf 1367 M.\u00fc.M befindet sich unsere gem\u00fctliche Ferienwohnung \u00abIl Tschierv\u00bb. Die 4-Zimmer-Wohnung (55m2) liegt in einem historischen Haus aus dem 18. Jahrhundert zentral im Dorfkern in ruhiger Lage.<\/p>\n\n\n\n<p>Das Herzst\u00fcck der Wohnung ist die neu renovierte K\u00fcche mit Esszimmer als offener Wohnraum. Weiter hat es ein Schlafzimmer, einen Zwischenraum mit Sofa und ein Kinderzimmer. Wir haben grosse Wert darauf gelegt, dass die Wohnung gem\u00fctlich, funktional und stilvoll eingerichtet ist.<\/p>\n\n\n\n<p><\/p>\n\n\n\n<p>Kurzbeschreibung:<\/p>\n\n\n\n<ul class=\"wp-block-list\">\n<li>Die Wohnung bietet Platz f\u00fcr 1-3 Erwachsene oder eine Familie mit 1-2 Kindern (bis 16 Jahre)<\/li>\n\n\n\n<li>Neu renovierte Wohnk\u00fcche mit Induktionsherd, Backofen und Geschirrsp\u00fcler &#8211; sehr gut ausgestattet &#8211; und Esszimmertisch f\u00fcr 4 Personen<\/li>\n\n\n\n<li>Schlafzimmer mit Bett (160 cm)<\/li>\n\n\n\n<li>Kinderzimmer mit Stapelbett (2x 80cm)<\/li>\n\n\n\n<li>Zwischenraum mit Sofa<\/li>\n\n\n\n<li>Zentralheizung (Fernw\u00e4rme)<\/li>\n\n\n\n<li>Raumh\u00f6he: 205 bis 210 cm<\/li>\n\n\n\n<li>2 kleine Balkone mit sch\u00f6ner Aussicht<\/li>\n\n\n\n<li>50 Meter bis zum Volg\/B\u00e4ckerei, 5 Minuten Fussweg zum Bahnhof<\/li>\n\n\n\n<li>Bad mit Dusche<\/li>\n\n\n\n<li>Im Fr\u00fchling 2026 wird das Schlaf-, Kinder und Zwischenzimmer renoviert (u.a. mit L\u00e4rchenparkett)<\/li>\n<\/ul>\n\n\n\n<div style=\"height:62px\" aria-hidden=\"true\" class=\"wp-block-spacer\"><\/div>\n\n\n\n<div class=\"wp-block-buttons is-horizontal is-content-justification-center is-layout-flex wp-container-core-buttons-is-layout-03627597 wp-block-buttons-is-layout-flex\">\n<div class=\"wp-block-button\"><a class=\"wp-block-button__link wp-element-button\" href=\"https:\/\/tbooking.toubiz.de\/TDS00020013124001236\/tbooking\/?globalReset=1&amp;lang=de\" target=\"_blank\" rel=\"noreferrer noopener\">Jetzt Buchen<\/a><\/div>\n<\/div>\n\n\n\n<div style=\"height:56px\" aria-hidden=\"true\" class=\"wp-block-spacer\"><\/div>\n\n\n\n<h5 class=\"wp-block-heading\">Bilder-Galerie (Wohnung)<\/h5>\n\n\n\n<figure class=\"wp-block-gallery has-nested-images columns-2 is-cropped wp-block-gallery-1 is-layout-flex wp-block-gallery-is-layout-flex\">\n<figure class=\"wp-block-image size-large\"><img loading=\"lazy\" decoding=\"async\" width=\"1024\" height=\"768\" data-id=\"441\" src=\"https:\/\/ferienwohnung-berguen.ch\/wp-content\/uploads\/2023\/03\/Il-Tschierv_Esszimmer-2-NEU-1024x768.jpg\" alt=\"\" class=\"wp-image-441\" srcset=\"https:\/\/ferienwohnung-berguen.ch\/wp-content\/uploads\/2023\/03\/Il-Tschierv_Esszimmer-2-NEU-1024x768.jpg 1024w, https:\/\/ferienwohnung-berguen.ch\/wp-content\/uploads\/2023\/03\/Il-Tschierv_Esszimmer-2-NEU-300x225.jpg 300w, https:\/\/ferienwohnung-berguen.ch\/wp-content\/uploads\/2023\/03\/Il-Tschierv_Esszimmer-2-NEU-768x576.jpg 768w, https:\/\/ferienwohnung-berguen.ch\/wp-content\/uploads\/2023\/03\/Il-Tschierv_Esszimmer-2-NEU-1000x750.jpg 1000w, https:\/\/ferienwohnung-berguen.ch\/wp-content\/uploads\/2023\/03\/Il-Tschierv_Esszimmer-2-NEU-230x173.jpg 230w, https:\/\/ferienwohnung-berguen.ch\/wp-content\/uploads\/2023\/03\/Il-Tschierv_Esszimmer-2-NEU-350x263.jpg 350w, https:\/\/ferienwohnung-berguen.ch\/wp-content\/uploads\/2023\/03\/Il-Tschierv_Esszimmer-2-NEU-480x360.jpg 480w, https:\/\/ferienwohnung-berguen.ch\/wp-content\/uploads\/2023\/03\/Il-Tschierv_Esszimmer-2-NEU.jpg 1500w\" sizes=\"auto, (max-width: 1024px) 100vw, 1024px\" \/><figcaption class=\"wp-element-caption\">Esszimmer\/K\u00fcche<\/figcaption><\/figure>\n\n\n\n<figure class=\"wp-block-image size-large is-style-default\"><img loading=\"lazy\" decoding=\"async\" width=\"1024\" height=\"768\" data-id=\"393\" src=\"https:\/\/ferienwohnung-berguen.ch\/wp-content\/uploads\/2021\/07\/Il-Tschierv_Sofa-1-1024x768.jpg\" alt=\"\" class=\"wp-image-393\" srcset=\"https:\/\/ferienwohnung-berguen.ch\/wp-content\/uploads\/2021\/07\/Il-Tschierv_Sofa-1-1024x768.jpg 1024w, https:\/\/ferienwohnung-berguen.ch\/wp-content\/uploads\/2021\/07\/Il-Tschierv_Sofa-1-300x225.jpg 300w, https:\/\/ferienwohnung-berguen.ch\/wp-content\/uploads\/2021\/07\/Il-Tschierv_Sofa-1-768x576.jpg 768w, https:\/\/ferienwohnung-berguen.ch\/wp-content\/uploads\/2021\/07\/Il-Tschierv_Sofa-1-1536x1152.jpg 1536w, https:\/\/ferienwohnung-berguen.ch\/wp-content\/uploads\/2021\/07\/Il-Tschierv_Sofa-1-2048x1536.jpg 2048w, https:\/\/ferienwohnung-berguen.ch\/wp-content\/uploads\/2021\/07\/Il-Tschierv_Sofa-1-830x623.jpg 830w, https:\/\/ferienwohnung-berguen.ch\/wp-content\/uploads\/2021\/07\/Il-Tschierv_Sofa-1-230x173.jpg 230w, https:\/\/ferienwohnung-berguen.ch\/wp-content\/uploads\/2021\/07\/Il-Tschierv_Sofa-1-350x263.jpg 350w, https:\/\/ferienwohnung-berguen.ch\/wp-content\/uploads\/2021\/07\/Il-Tschierv_Sofa-1-480x360.jpg 480w\" sizes=\"auto, (max-width: 1024px) 100vw, 1024px\" \/><figcaption class=\"wp-element-caption\">Zwischenzimmer<\/figcaption><\/figure>\n\n\n\n<figure class=\"wp-block-image size-large\"><img loading=\"lazy\" decoding=\"async\" width=\"1024\" height=\"768\" data-id=\"389\" src=\"https:\/\/ferienwohnung-berguen.ch\/wp-content\/uploads\/2021\/07\/Il-Tschierv_Kueche_Balkon-1-1024x768.jpg\" alt=\"\" class=\"wp-image-389\" srcset=\"https:\/\/ferienwohnung-berguen.ch\/wp-content\/uploads\/2021\/07\/Il-Tschierv_Kueche_Balkon-1-1024x768.jpg 1024w, https:\/\/ferienwohnung-berguen.ch\/wp-content\/uploads\/2021\/07\/Il-Tschierv_Kueche_Balkon-1-300x225.jpg 300w, https:\/\/ferienwohnung-berguen.ch\/wp-content\/uploads\/2021\/07\/Il-Tschierv_Kueche_Balkon-1-768x576.jpg 768w, https:\/\/ferienwohnung-berguen.ch\/wp-content\/uploads\/2021\/07\/Il-Tschierv_Kueche_Balkon-1-1536x1152.jpg 1536w, https:\/\/ferienwohnung-berguen.ch\/wp-content\/uploads\/2021\/07\/Il-Tschierv_Kueche_Balkon-1-2048x1536.jpg 2048w, https:\/\/ferienwohnung-berguen.ch\/wp-content\/uploads\/2021\/07\/Il-Tschierv_Kueche_Balkon-1-830x623.jpg 830w, https:\/\/ferienwohnung-berguen.ch\/wp-content\/uploads\/2021\/07\/Il-Tschierv_Kueche_Balkon-1-230x173.jpg 230w, https:\/\/ferienwohnung-berguen.ch\/wp-content\/uploads\/2021\/07\/Il-Tschierv_Kueche_Balkon-1-350x263.jpg 350w, https:\/\/ferienwohnung-berguen.ch\/wp-content\/uploads\/2021\/07\/Il-Tschierv_Kueche_Balkon-1-480x360.jpg 480w\" sizes=\"auto, (max-width: 1024px) 100vw, 1024px\" \/><figcaption class=\"wp-element-caption\">Balkon<\/figcaption><\/figure>\n\n\n\n<figure class=\"wp-block-image size-large\"><img loading=\"lazy\" decoding=\"async\" width=\"1024\" height=\"768\" data-id=\"443\" src=\"https:\/\/ferienwohnung-berguen.ch\/wp-content\/uploads\/2023\/03\/Il-Tschierv_Sessel-NEU-1024x768.jpg\" alt=\"\" class=\"wp-image-443\" srcset=\"https:\/\/ferienwohnung-berguen.ch\/wp-content\/uploads\/2023\/03\/Il-Tschierv_Sessel-NEU-1024x768.jpg 1024w, https:\/\/ferienwohnung-berguen.ch\/wp-content\/uploads\/2023\/03\/Il-Tschierv_Sessel-NEU-300x225.jpg 300w, https:\/\/ferienwohnung-berguen.ch\/wp-content\/uploads\/2023\/03\/Il-Tschierv_Sessel-NEU-768x576.jpg 768w, https:\/\/ferienwohnung-berguen.ch\/wp-content\/uploads\/2023\/03\/Il-Tschierv_Sessel-NEU-1000x750.jpg 1000w, https:\/\/ferienwohnung-berguen.ch\/wp-content\/uploads\/2023\/03\/Il-Tschierv_Sessel-NEU-230x173.jpg 230w, https:\/\/ferienwohnung-berguen.ch\/wp-content\/uploads\/2023\/03\/Il-Tschierv_Sessel-NEU-350x263.jpg 350w, https:\/\/ferienwohnung-berguen.ch\/wp-content\/uploads\/2023\/03\/Il-Tschierv_Sessel-NEU-480x360.jpg 480w, https:\/\/ferienwohnung-berguen.ch\/wp-content\/uploads\/2023\/03\/Il-Tschierv_Sessel-NEU.jpg 1500w\" sizes=\"auto, (max-width: 1024px) 100vw, 1024px\" \/><figcaption class=\"wp-element-caption\">Lesesessel<\/figcaption><\/figure>\n\n\n\n<figure class=\"wp-block-image size-large\"><img loading=\"lazy\" decoding=\"async\" width=\"1024\" height=\"768\" data-id=\"302\" src=\"https:\/\/ferienwohnung-berguen.ch\/wp-content\/uploads\/2021\/05\/20210505_194048-1024x768.jpg\" alt=\"\" class=\"wp-image-302\" srcset=\"https:\/\/ferienwohnung-berguen.ch\/wp-content\/uploads\/2021\/05\/20210505_194048-1024x768.jpg 1024w, https:\/\/ferienwohnung-berguen.ch\/wp-content\/uploads\/2021\/05\/20210505_194048-300x225.jpg 300w, https:\/\/ferienwohnung-berguen.ch\/wp-content\/uploads\/2021\/05\/20210505_194048-768x576.jpg 768w, https:\/\/ferienwohnung-berguen.ch\/wp-content\/uploads\/2021\/05\/20210505_194048-1536x1152.jpg 1536w, https:\/\/ferienwohnung-berguen.ch\/wp-content\/uploads\/2021\/05\/20210505_194048-2048x1536.jpg 2048w, https:\/\/ferienwohnung-berguen.ch\/wp-content\/uploads\/2021\/05\/20210505_194048-830x623.jpg 830w, https:\/\/ferienwohnung-berguen.ch\/wp-content\/uploads\/2021\/05\/20210505_194048-230x173.jpg 230w, https:\/\/ferienwohnung-berguen.ch\/wp-content\/uploads\/2021\/05\/20210505_194048-350x263.jpg 350w, https:\/\/ferienwohnung-berguen.ch\/wp-content\/uploads\/2021\/05\/20210505_194048-480x360.jpg 480w\" sizes=\"auto, (max-width: 1024px) 100vw, 1024px\" \/><figcaption class=\"wp-element-caption\">Schlafzimmer<\/figcaption><\/figure>\n\n\n\n<figure class=\"wp-block-image size-large\"><img loading=\"lazy\" decoding=\"async\" width=\"1024\" height=\"768\" data-id=\"391\" src=\"https:\/\/ferienwohnung-berguen.ch\/wp-content\/uploads\/2021\/07\/Il-Tschierv_Kueche_Esszimmer_2-1-1024x768.jpg\" alt=\"\" class=\"wp-image-391\" srcset=\"https:\/\/ferienwohnung-berguen.ch\/wp-content\/uploads\/2021\/07\/Il-Tschierv_Kueche_Esszimmer_2-1-1024x768.jpg 1024w, https:\/\/ferienwohnung-berguen.ch\/wp-content\/uploads\/2021\/07\/Il-Tschierv_Kueche_Esszimmer_2-1-300x225.jpg 300w, https:\/\/ferienwohnung-berguen.ch\/wp-content\/uploads\/2021\/07\/Il-Tschierv_Kueche_Esszimmer_2-1-768x576.jpg 768w, https:\/\/ferienwohnung-berguen.ch\/wp-content\/uploads\/2021\/07\/Il-Tschierv_Kueche_Esszimmer_2-1-1536x1152.jpg 1536w, https:\/\/ferienwohnung-berguen.ch\/wp-content\/uploads\/2021\/07\/Il-Tschierv_Kueche_Esszimmer_2-1-2048x1536.jpg 2048w, https:\/\/ferienwohnung-berguen.ch\/wp-content\/uploads\/2021\/07\/Il-Tschierv_Kueche_Esszimmer_2-1-830x623.jpg 830w, https:\/\/ferienwohnung-berguen.ch\/wp-content\/uploads\/2021\/07\/Il-Tschierv_Kueche_Esszimmer_2-1-230x173.jpg 230w, https:\/\/ferienwohnung-berguen.ch\/wp-content\/uploads\/2021\/07\/Il-Tschierv_Kueche_Esszimmer_2-1-350x263.jpg 350w, https:\/\/ferienwohnung-berguen.ch\/wp-content\/uploads\/2021\/07\/Il-Tschierv_Kueche_Esszimmer_2-1-480x360.jpg 480w\" sizes=\"auto, (max-width: 1024px) 100vw, 1024px\" \/><figcaption class=\"wp-element-caption\">Esszimmer\/K\u00fcche<\/figcaption><\/figure>\n\n\n\n<figure class=\"wp-block-image size-large\"><img loading=\"lazy\" decoding=\"async\" width=\"1024\" height=\"768\" data-id=\"297\" src=\"https:\/\/ferienwohnung-berguen.ch\/wp-content\/uploads\/2021\/05\/20210505_120158-1024x768.jpg\" alt=\"\" class=\"wp-image-297\" srcset=\"https:\/\/ferienwohnung-berguen.ch\/wp-content\/uploads\/2021\/05\/20210505_120158-1024x768.jpg 1024w, https:\/\/ferienwohnung-berguen.ch\/wp-content\/uploads\/2021\/05\/20210505_120158-300x225.jpg 300w, https:\/\/ferienwohnung-berguen.ch\/wp-content\/uploads\/2021\/05\/20210505_120158-768x576.jpg 768w, https:\/\/ferienwohnung-berguen.ch\/wp-content\/uploads\/2021\/05\/20210505_120158-1536x1152.jpg 1536w, https:\/\/ferienwohnung-berguen.ch\/wp-content\/uploads\/2021\/05\/20210505_120158-2048x1536.jpg 2048w, https:\/\/ferienwohnung-berguen.ch\/wp-content\/uploads\/2021\/05\/20210505_120158-830x623.jpg 830w, https:\/\/ferienwohnung-berguen.ch\/wp-content\/uploads\/2021\/05\/20210505_120158-230x173.jpg 230w, https:\/\/ferienwohnung-berguen.ch\/wp-content\/uploads\/2021\/05\/20210505_120158-350x263.jpg 350w, https:\/\/ferienwohnung-berguen.ch\/wp-content\/uploads\/2021\/05\/20210505_120158-480x360.jpg 480w\" sizes=\"auto, (max-width: 1024px) 100vw, 1024px\" \/><figcaption class=\"wp-element-caption\">Kinderzimmer (Stapelbett)<\/figcaption><\/figure>\n\n\n\n<figure class=\"wp-block-image size-large\"><img loading=\"lazy\" decoding=\"async\" width=\"1024\" height=\"768\" data-id=\"300\" src=\"https:\/\/ferienwohnung-berguen.ch\/wp-content\/uploads\/2021\/05\/20210505_193028-1024x768.jpg\" alt=\"\" class=\"wp-image-300\" srcset=\"https:\/\/ferienwohnung-berguen.ch\/wp-content\/uploads\/2021\/05\/20210505_193028-1024x768.jpg 1024w, https:\/\/ferienwohnung-berguen.ch\/wp-content\/uploads\/2021\/05\/20210505_193028-300x225.jpg 300w, https:\/\/ferienwohnung-berguen.ch\/wp-content\/uploads\/2021\/05\/20210505_193028-768x576.jpg 768w, https:\/\/ferienwohnung-berguen.ch\/wp-content\/uploads\/2021\/05\/20210505_193028-1536x1152.jpg 1536w, https:\/\/ferienwohnung-berguen.ch\/wp-content\/uploads\/2021\/05\/20210505_193028-2048x1536.jpg 2048w, https:\/\/ferienwohnung-berguen.ch\/wp-content\/uploads\/2021\/05\/20210505_193028-830x623.jpg 830w, https:\/\/ferienwohnung-berguen.ch\/wp-content\/uploads\/2021\/05\/20210505_193028-230x173.jpg 230w, https:\/\/ferienwohnung-berguen.ch\/wp-content\/uploads\/2021\/05\/20210505_193028-350x263.jpg 350w, https:\/\/ferienwohnung-berguen.ch\/wp-content\/uploads\/2021\/05\/20210505_193028-480x360.jpg 480w\" sizes=\"auto, (max-width: 1024px) 100vw, 1024px\" \/><figcaption class=\"wp-element-caption\">Unsere Hirsche<\/figcaption><\/figure>\n\n\n\n<figure class=\"wp-block-image size-large\"><img loading=\"lazy\" decoding=\"async\" width=\"1024\" height=\"768\" data-id=\"445\" src=\"https:\/\/ferienwohnung-berguen.ch\/wp-content\/uploads\/2023\/03\/Il-Tschierv_Bad-NEU-1024x768.jpg\" alt=\"\" class=\"wp-image-445\" srcset=\"https:\/\/ferienwohnung-berguen.ch\/wp-content\/uploads\/2023\/03\/Il-Tschierv_Bad-NEU-1024x768.jpg 1024w, https:\/\/ferienwohnung-berguen.ch\/wp-content\/uploads\/2023\/03\/Il-Tschierv_Bad-NEU-300x225.jpg 300w, https:\/\/ferienwohnung-berguen.ch\/wp-content\/uploads\/2023\/03\/Il-Tschierv_Bad-NEU-768x576.jpg 768w, https:\/\/ferienwohnung-berguen.ch\/wp-content\/uploads\/2023\/03\/Il-Tschierv_Bad-NEU-1000x750.jpg 1000w, https:\/\/ferienwohnung-berguen.ch\/wp-content\/uploads\/2023\/03\/Il-Tschierv_Bad-NEU-230x173.jpg 230w, https:\/\/ferienwohnung-berguen.ch\/wp-content\/uploads\/2023\/03\/Il-Tschierv_Bad-NEU-350x263.jpg 350w, https:\/\/ferienwohnung-berguen.ch\/wp-content\/uploads\/2023\/03\/Il-Tschierv_Bad-NEU-480x360.jpg 480w, https:\/\/ferienwohnung-berguen.ch\/wp-content\/uploads\/2023\/03\/Il-Tschierv_Bad-NEU.jpg 1500w\" sizes=\"auto, (max-width: 1024px) 100vw, 1024px\" \/><figcaption class=\"wp-element-caption\">Bad<\/figcaption><\/figure>\n\n\n\n<figure class=\"wp-block-image size-large\"><img loading=\"lazy\" decoding=\"async\" width=\"1024\" height=\"768\" data-id=\"463\" src=\"https:\/\/ferienwohnung-berguen.ch\/wp-content\/uploads\/2023\/03\/Il-Tschierv_Esszimmer-NEU-1024x768.jpg\" alt=\"\" class=\"wp-image-463\" srcset=\"https:\/\/ferienwohnung-berguen.ch\/wp-content\/uploads\/2023\/03\/Il-Tschierv_Esszimmer-NEU-1024x768.jpg 1024w, https:\/\/ferienwohnung-berguen.ch\/wp-content\/uploads\/2023\/03\/Il-Tschierv_Esszimmer-NEU-300x225.jpg 300w, https:\/\/ferienwohnung-berguen.ch\/wp-content\/uploads\/2023\/03\/Il-Tschierv_Esszimmer-NEU-768x576.jpg 768w, https:\/\/ferienwohnung-berguen.ch\/wp-content\/uploads\/2023\/03\/Il-Tschierv_Esszimmer-NEU-1536x1152.jpg 1536w, https:\/\/ferienwohnung-berguen.ch\/wp-content\/uploads\/2023\/03\/Il-Tschierv_Esszimmer-NEU-2048x1536.jpg 2048w, https:\/\/ferienwohnung-berguen.ch\/wp-content\/uploads\/2023\/03\/Il-Tschierv_Esszimmer-NEU-1000x750.jpg 1000w, https:\/\/ferienwohnung-berguen.ch\/wp-content\/uploads\/2023\/03\/Il-Tschierv_Esszimmer-NEU-230x172.jpg 230w, https:\/\/ferienwohnung-berguen.ch\/wp-content\/uploads\/2023\/03\/Il-Tschierv_Esszimmer-NEU-350x262.jpg 350w, https:\/\/ferienwohnung-berguen.ch\/wp-content\/uploads\/2023\/03\/Il-Tschierv_Esszimmer-NEU-480x360.jpg 480w\" sizes=\"auto, (max-width: 1024px) 100vw, 1024px\" \/><figcaption class=\"wp-element-caption\">Esszimmer\/K\u00fcche<\/figcaption><\/figure>\n<\/figure>\n\n\n\n<div style=\"height:59px\" aria-hidden=\"true\" class=\"wp-block-spacer\"><\/div>\n","protected":false},"excerpt":{"rendered":"<p>Im sch\u00f6nen Berg\u00fcn auf 1367 M.\u00fc.M befindet sich unsere gem\u00fctliche Ferienwohnung \u00abIl Tschierv\u00bb. Die 4-Zimmer-Wohnung (55m2) liegt in einem historischen Haus aus [&hellip;]<\/p>\n","protected":false},"author":1,"featured_media":63,"parent":0,"menu_order":0,"comment_status":"closed","ping_status":"closed","template":"page-templates\/page_fullwidth.php","meta":{"footnotes":""},"class_list":["post-33","page","type-page","status-publish","has-post-thumbnail","hentry"],"_links":{"self":[{"href":"https:\/\/ferienwohnung-berguen.ch\/index.php\/wp-json\/wp\/v2\/pages\/33","targetHints":{"allow":["GET"]}}],"collection":[{"href":"https:\/\/ferienwohnung-berguen.ch\/index.php\/wp-json\/wp\/v2\/pages"}],"about":[{"href":"https:\/\/ferienwohnung-berguen.ch\/index.php\/wp-json\/wp\/v2\/types\/page"}],"author":[{"embeddable":true,"href":"https:\/\/ferienwohnung-berguen.ch\/index.php\/wp-json\/wp\/v2\/users\/1"}],"replies":[{"embeddable":true,"href":"https:\/\/ferienwohnung-berguen.ch\/index.php\/wp-json\/wp\/v2\/comments?post=33"}],"version-history":[{"count":58,"href":"https:\/\/ferienwohnung-berguen.ch\/index.php\/wp-json\/wp\/v2\/pages\/33\/revisions"}],"predecessor-version":[{"id":530,"href":"https:\/\/ferienwohnung-berguen.ch\/index.php\/wp-json\/wp\/v2\/pages\/33\/revisions\/530"}],"wp:featuredmedia":[{"embeddable":true,"href":"https:\/\/ferienwohnung-berguen.ch\/index.php\/wp-json\/wp\/v2\/media\/63"}],"wp:attachment":[{"href":"https:\/\/ferienwohnung-berguen.ch\/index.php\/wp-json\/wp\/v2\/media?parent=33"}],"curies":[{"name":"wp","href":"https:\/\/api.w.org\/{rel}","templated":true}]}}